{"id":7264,"date":"2024-02-19T15:23:33","date_gmt":"2024-02-19T14:23:33","guid":{"rendered":"https:\/\/ballades.de\/protection-des-donnees\/"},"modified":"2024-05-27T13:53:59","modified_gmt":"2024-05-27T11:53:59","slug":"protection-des-donnees","status":"publish","type":"page","link":"https:\/\/ballades.de\/fr\/protection-des-donnees\/","title":{"rendered":"Protection des donn\u00e9es"},"content":{"rendered":"\t\t<div data-elementor-type=\"wp-page\" data-elementor-id=\"7264\" class=\"elementor elementor-7264 elementor-3\" data-elementor-post-type=\"page\">\n\t\t\t\t<div class=\"elementor-element elementor-element-ebd671d e-flex e-con-boxed e-con e-parent\" data-id=\"ebd671d\" data-element_type=\"container\" data-e-type=\"container\">\n\t\t\t\t\t<div class=\"e-con-inner\">\n\t\t<div class=\"elementor-element elementor-element-73424be e-con-full e-flex e-con e-child\" data-id=\"73424be\" data-element_type=\"container\" data-e-type=\"container\">\n\t\t\t\t<div class=\"elementor-element elementor-element-4eba314 elementor-widget elementor-widget-heading\" data-id=\"4eba314\" data-element_type=\"widget\" data-e-type=\"widget\" data-widget_type=\"heading.default\">\n\t\t\t\t<div class=\"elementor-widget-container\">\n\t\t\t\t\t<h2 class=\"elementor-heading-title elementor-size-default\">Protection des donn\u00e9es<\/h2>\t\t\t\t<\/div>\n\t\t\t\t<\/div>\n\t\t\t\t<div class=\"elementor-element elementor-element-8f6d263 elementor-widget elementor-widget-spacer\" data-id=\"8f6d263\" data-element_type=\"widget\" data-e-type=\"widget\" data-widget_type=\"spacer.default\">\n\t\t\t\t<div class=\"elementor-widget-container\">\n\t\t\t\t\t\t\t<div class=\"elementor-spacer\">\n\t\t\t<div class=\"elementor-spacer-inner\"><\/div>\n\t\t<\/div>\n\t\t\t\t\t\t<\/div>\n\t\t\t\t<\/div>\n\t\t\t\t<div class=\"elementor-element elementor-element-6b7af26e elementor-widget elementor-widget-text-editor\" data-id=\"6b7af26e\" data-element_type=\"widget\" data-e-type=\"widget\" data-widget_type=\"text-editor.default\">\n\t\t\t\t<div class=\"elementor-widget-container\">\n\t\t\t\t\t\t\t\t\t<p><\/p>\n<h2 class=\"wp-block-heading\">Qui nous sommes<\/h2>\n<p><\/p>\n<p><\/p>\n<p>L&rsquo;adresse de notre site Internet est: https:\/\/ballades.de\/fr<\/p>\n<p><\/p>\n<p><\/p>\n<p>Dr. Said Mansouri<br>Heinrichsallee 32<br>52062 Aix-la-Chapelle<\/p>\n<p> <\/p>\n<p><\/p>\n<p><\/p>\n<p><\/p>\n<p><\/p>\n<h2 class=\"wp-block-heading\">Cookies<\/h2>\n<p><\/p>\n<p><\/p>\n<p>Si vous avez un compte et que vous vous connectez \u00e0 ce site Web, nous d\u00e9finirons un cookie temporaire pour d\u00e9terminer si votre navigateur accepte les cookies. Ce cookie ne contient aucune donn\u00e9e personnelle et est supprim\u00e9 lorsque vous fermez votre navigateur.<\/p>\n<p><\/p>\n<p><\/p>\n<p>Lorsque vous vous connecterez, nous installerons des cookies pour enregistrer vos informations de connexion et vos choix de visualisation. Les cookies de connexion expirent apr\u00e8s deux jours et les cookies d\u2019options d\u2019affichage expirent apr\u00e8s un an. Si vous s\u00e9lectionnez \u00ab Rester connect\u00e9 \u00bb lors de votre connexion, votre connexion sera conserv\u00e9e pendant deux semaines. Lorsque vous vous d\u00e9connectez de votre compte, les cookies de connexion seront supprim\u00e9s.<\/p>\n<p><\/p>\n<p><\/p>\n<p>Lorsque vous modifiez ou publiez un article, un cookie suppl\u00e9mentaire est stock\u00e9 dans votre navigateur. Ce cookie ne contient aucune donn\u00e9e personnelle et fait uniquement r\u00e9f\u00e9rence \u00e0 l&rsquo;identifiant de la publication de l&rsquo;article que vous venez de modifier. Le cookie expire apr\u00e8s un jour.<\/p>\n<p> <\/p>\n<p><\/p>\n<p><\/p>\n<h2 class=\"wp-block-heading\">Contenu int\u00e9gr\u00e9 provenant d&rsquo;autres sites Web<\/h2>\n<p><\/p>\n<p><\/p>\n<p>Les publications sur ce site Web peuvent contenir du contenu int\u00e9gr\u00e9 (par exemple des vid\u00e9os, des images, des publications, etc.). Le contenu int\u00e9gr\u00e9 d&rsquo;autres sites Web se comporte exactement comme si le visiteur avait visit\u00e9 l&rsquo;autre site Web.<\/p>\n<p><\/p>\n<p><\/p>\n<p>Ces sites Web peuvent collecter des donn\u00e9es sur vous, utiliser des cookies, int\u00e9grer un suivi tiers suppl\u00e9mentaire et surveiller votre interaction avec ce contenu int\u00e9gr\u00e9, y compris le suivi de votre interaction avec le contenu int\u00e9gr\u00e9 si vous disposez d&rsquo;un compte et \u00eates connect\u00e9 \u00e0 ce site Web.<\/p>\n<p> <\/p>\n<p><\/p>\n<p><\/p>\n<h2 class=\"wp-block-heading\">Avec qui nous partageons vos donn\u00e9es<\/h2>\n<p><\/p>\n<p><\/p>\n<p>Si vous demandez une r\u00e9initialisation de mot de passe, votre adresse IP sera incluse dans l&rsquo;e-mail de r\u00e9initialisation.<\/p>\n<p> <\/p>\n<p><\/p>\n<p><\/p>\n<h2 class=\"wp-block-heading\">Combien de temps nous conservons vos donn\u00e9es<\/h2>\n<p><\/p>\n<p><\/p>\n<p>Pour les utilisateurs qui s&rsquo;inscrivent sur notre site Web, nous stockons en outre les informations personnelles qu&rsquo;ils fournissent dans leur profil d&rsquo;utilisateur. Tous les utilisateurs peuvent consulter, modifier ou supprimer leurs informations personnelles \u00e0 tout moment (le nom d&rsquo;utilisateur ne peut pas \u00eatre modifi\u00e9). Les administrateurs du site Web peuvent \u00e9galement consulter et modifier ces informations.<\/p>\n<p> <\/p>\n<p><\/p>\n<p><\/p>\n<h2 class=\"wp-block-heading\">Quels sont vos droits sur vos donn\u00e9es<\/h2>\n<p><\/p>\n<p><\/p>\n<p>Si vous disposez d&rsquo;un compte sur ce site ou avez des commentaires \u00e9crits, vous pouvez demander un export export\u00e9 de vos donn\u00e9es personnelles, y compris celles que vous nous avez fournies. De plus, vous pouvez demander la suppression de toutes les donn\u00e9es personnelles que nous d\u00e9tenons \u00e0 votre sujet. Cela n&rsquo;inclut pas les donn\u00e9es que nous sommes tenus de conserver pour des raisons administratives, juridiques ou de s\u00e9curit\u00e9.<\/p>\n<p><\/p>\t\t\t\t\t\t\t\t<\/div>\n\t\t\t\t<\/div>\n\t\t\t\t<\/div>\n\t\t<div class=\"elementor-element elementor-element-1336cf6 e-con-full e-flex e-con e-child\" data-id=\"1336cf6\" data-element_type=\"container\" data-e-type=\"container\">\n\t\t\t\t<\/div>\n\t\t\t\t\t<\/div>\n\t\t\t\t<\/div>\n\t\t\t\t<\/div>\n\t\t","protected":false},"excerpt":{"rendered":"<p>Protection des donn\u00e9es Qui nous sommes L&rsquo;adresse de notre site Internet est: https:\/\/ballades.de\/fr Dr. Said MansouriHeinrichsallee 3252062 Aix-la-Chapelle Cookies Si vous avez un compte et que vous vous connectez \u00e0 ce site Web, nous d\u00e9finirons un cookie temporaire pour d\u00e9terminer si votre navigateur accepte les cookies. Ce cookie ne contient aucune donn\u00e9e personnelle et est&hellip;<\/p>\n","protected":false},"author":1,"featured_media":0,"parent":0,"menu_order":0,"comment_status":"closed","ping_status":"open","template":"","meta":{"footnotes":""},"class_list":["post-7264","page","type-page","status-publish","hentry"],"yoast_head":"<!-- This site is optimized with the Yoast SEO plugin v27.5 - https:\/\/yoast.com\/product\/yoast-seo-wordpress\/ -->\n<title>Protection des donn\u00e9es - Ballades - Dr. Said Mansouri | Chant et chansons fran\u00e7aises<\/title>\n<meta name=\"description\" content=\"Ballades - Dr. Said Mansouri - Heinrichsallee 32, 52062 Aix-la-Chapelle | Allemagne\" \/>\n<meta name=\"robots\" content=\"index, follow, max-snippet:-1, max-image-preview:large, max-video-preview:-1\" \/>\n<link rel=\"canonical\" href=\"https:\/\/ballades.de\/fr\/protection-des-donnees\/\" \/>\n<meta property=\"og:locale\" content=\"fr_FR\" \/>\n<meta property=\"og:type\" content=\"article\" \/>\n<meta property=\"og:title\" content=\"Protection des donn\u00e9es - Ballades - Dr. Said Mansouri | Chant et chansons fran\u00e7aises\" \/>\n<meta property=\"og:description\" content=\"Ballades - Dr. Said Mansouri - Heinrichsallee 32, 52062 Aix-la-Chapelle | Allemagne\" \/>\n<meta property=\"og:url\" content=\"https:\/\/ballades.de\/fr\/protection-des-donnees\/\" \/>\n<meta property=\"og:site_name\" content=\"Ballades - Dr. Said Mansouri\" \/>\n<meta property=\"article:modified_time\" content=\"2024-05-27T11:53:59+00:00\" \/>\n<meta name=\"twitter:card\" content=\"summary_large_image\" \/>\n<meta name=\"twitter:label1\" content=\"Dur\u00e9e de lecture estim\u00e9e\" \/>\n\t<meta name=\"twitter:data1\" content=\"2 minutes\" \/>\n<script type=\"application\/ld+json\" class=\"yoast-schema-graph\">{\"@context\":\"https:\\\/\\\/schema.org\",\"@graph\":[{\"@type\":\"WebPage\",\"@id\":\"https:\\\/\\\/ballades.de\\\/fr\\\/protection-des-donnees\\\/\",\"url\":\"https:\\\/\\\/ballades.de\\\/fr\\\/protection-des-donnees\\\/\",\"name\":\"Protection des donn\u00e9es - Ballades - Dr. Said Mansouri | Chant et chansons fran\u00e7aises\",\"isPartOf\":{\"@id\":\"https:\\\/\\\/ballades.de\\\/fr\\\/#website\"},\"datePublished\":\"2024-02-19T14:23:33+00:00\",\"dateModified\":\"2024-05-27T11:53:59+00:00\",\"description\":\"Ballades - Dr. Said Mansouri - Heinrichsallee 32, 52062 Aix-la-Chapelle | Allemagne\",\"breadcrumb\":{\"@id\":\"https:\\\/\\\/ballades.de\\\/fr\\\/protection-des-donnees\\\/#breadcrumb\"},\"inLanguage\":\"fr-FR\",\"potentialAction\":[{\"@type\":\"ReadAction\",\"target\":[\"https:\\\/\\\/ballades.de\\\/fr\\\/protection-des-donnees\\\/\"]}]},{\"@type\":\"BreadcrumbList\",\"@id\":\"https:\\\/\\\/ballades.de\\\/fr\\\/protection-des-donnees\\\/#breadcrumb\",\"itemListElement\":[{\"@type\":\"ListItem\",\"position\":1,\"name\":\"Startseite\",\"item\":\"https:\\\/\\\/ballades.de\\\/fr\\\/ballades-dr-said-mansouri\\\/\"},{\"@type\":\"ListItem\",\"position\":2,\"name\":\"Protection des donn\u00e9es\"}]},{\"@type\":\"WebSite\",\"@id\":\"https:\\\/\\\/ballades.de\\\/fr\\\/#website\",\"url\":\"https:\\\/\\\/ballades.de\\\/fr\\\/\",\"name\":\"Ballades - Dr. Said Mansouri\",\"description\":\"\",\"publisher\":{\"@id\":\"https:\\\/\\\/ballades.de\\\/fr\\\/#\\\/schema\\\/person\\\/6fb83e7220c8b2c0e8284a44d97048ea\"},\"potentialAction\":[{\"@type\":\"SearchAction\",\"target\":{\"@type\":\"EntryPoint\",\"urlTemplate\":\"https:\\\/\\\/ballades.de\\\/fr\\\/?s={search_term_string}\"},\"query-input\":{\"@type\":\"PropertyValueSpecification\",\"valueRequired\":true,\"valueName\":\"search_term_string\"}}],\"inLanguage\":\"fr-FR\"},{\"@type\":[\"Person\",\"Organization\"],\"@id\":\"https:\\\/\\\/ballades.de\\\/fr\\\/#\\\/schema\\\/person\\\/6fb83e7220c8b2c0e8284a44d97048ea\",\"name\":\"Said Mansouri\",\"image\":{\"@type\":\"ImageObject\",\"inLanguage\":\"fr-FR\",\"@id\":\"https:\\\/\\\/ballades.de\\\/wp-content\\\/uploads\\\/2021\\\/08\\\/Logo-Said-Mansouri-Ballades_01.png\",\"url\":\"https:\\\/\\\/ballades.de\\\/wp-content\\\/uploads\\\/2021\\\/08\\\/Logo-Said-Mansouri-Ballades_01.png\",\"contentUrl\":\"https:\\\/\\\/ballades.de\\\/wp-content\\\/uploads\\\/2021\\\/08\\\/Logo-Said-Mansouri-Ballades_01.png\",\"width\":200,\"height\":200,\"caption\":\"Said Mansouri\"},\"logo\":{\"@id\":\"https:\\\/\\\/ballades.de\\\/wp-content\\\/uploads\\\/2021\\\/08\\\/Logo-Said-Mansouri-Ballades_01.png\"},\"sameAs\":[\"https:\\\/\\\/ballades.de\\\/\",\"https:\\\/\\\/www.youtube.com\\\/channel\\\/UCpCrCSKnDGaRuXEs19gC9Iw\",\"https:\\\/\\\/soundcloud.com\\\/saidmansouri\"]}]}<\/script>\n<!-- \/ Yoast SEO plugin. -->","yoast_head_json":{"title":"Protection des donn\u00e9es - Ballades - Dr. Said Mansouri | Chant et chansons fran\u00e7aises","description":"Ballades - Dr. Said Mansouri - Heinrichsallee 32, 52062 Aix-la-Chapelle | Allemagne","robots":{"index":"index","follow":"follow","max-snippet":"max-snippet:-1","max-image-preview":"max-image-preview:large","max-video-preview":"max-video-preview:-1"},"canonical":"https:\/\/ballades.de\/fr\/protection-des-donnees\/","og_locale":"fr_FR","og_type":"article","og_title":"Protection des donn\u00e9es - Ballades - Dr. Said Mansouri | Chant et chansons fran\u00e7aises","og_description":"Ballades - Dr. Said Mansouri - Heinrichsallee 32, 52062 Aix-la-Chapelle | Allemagne","og_url":"https:\/\/ballades.de\/fr\/protection-des-donnees\/","og_site_name":"Ballades - Dr. Said Mansouri","article_modified_time":"2024-05-27T11:53:59+00:00","twitter_card":"summary_large_image","twitter_misc":{"Dur\u00e9e de lecture estim\u00e9e":"2 minutes"},"schema":{"@context":"https:\/\/schema.org","@graph":[{"@type":"WebPage","@id":"https:\/\/ballades.de\/fr\/protection-des-donnees\/","url":"https:\/\/ballades.de\/fr\/protection-des-donnees\/","name":"Protection des donn\u00e9es - Ballades - Dr. Said Mansouri | Chant et chansons fran\u00e7aises","isPartOf":{"@id":"https:\/\/ballades.de\/fr\/#website"},"datePublished":"2024-02-19T14:23:33+00:00","dateModified":"2024-05-27T11:53:59+00:00","description":"Ballades - Dr. Said Mansouri - Heinrichsallee 32, 52062 Aix-la-Chapelle | Allemagne","breadcrumb":{"@id":"https:\/\/ballades.de\/fr\/protection-des-donnees\/#breadcrumb"},"inLanguage":"fr-FR","potentialAction":[{"@type":"ReadAction","target":["https:\/\/ballades.de\/fr\/protection-des-donnees\/"]}]},{"@type":"BreadcrumbList","@id":"https:\/\/ballades.de\/fr\/protection-des-donnees\/#breadcrumb","itemListElement":[{"@type":"ListItem","position":1,"name":"Startseite","item":"https:\/\/ballades.de\/fr\/ballades-dr-said-mansouri\/"},{"@type":"ListItem","position":2,"name":"Protection des donn\u00e9es"}]},{"@type":"WebSite","@id":"https:\/\/ballades.de\/fr\/#website","url":"https:\/\/ballades.de\/fr\/","name":"Ballades - Dr. Said Mansouri","description":"","publisher":{"@id":"https:\/\/ballades.de\/fr\/#\/schema\/person\/6fb83e7220c8b2c0e8284a44d97048ea"},"potentialAction":[{"@type":"SearchAction","target":{"@type":"EntryPoint","urlTemplate":"https:\/\/ballades.de\/fr\/?s={search_term_string}"},"query-input":{"@type":"PropertyValueSpecification","valueRequired":true,"valueName":"search_term_string"}}],"inLanguage":"fr-FR"},{"@type":["Person","Organization"],"@id":"https:\/\/ballades.de\/fr\/#\/schema\/person\/6fb83e7220c8b2c0e8284a44d97048ea","name":"Said Mansouri","image":{"@type":"ImageObject","inLanguage":"fr-FR","@id":"https:\/\/ballades.de\/wp-content\/uploads\/2021\/08\/Logo-Said-Mansouri-Ballades_01.png","url":"https:\/\/ballades.de\/wp-content\/uploads\/2021\/08\/Logo-Said-Mansouri-Ballades_01.png","contentUrl":"https:\/\/ballades.de\/wp-content\/uploads\/2021\/08\/Logo-Said-Mansouri-Ballades_01.png","width":200,"height":200,"caption":"Said Mansouri"},"logo":{"@id":"https:\/\/ballades.de\/wp-content\/uploads\/2021\/08\/Logo-Said-Mansouri-Ballades_01.png"},"sameAs":["https:\/\/ballades.de\/","https:\/\/www.youtube.com\/channel\/UCpCrCSKnDGaRuXEs19gC9Iw","https:\/\/soundcloud.com\/saidmansouri"]}]}},"_links":{"self":[{"href":"https:\/\/ballades.de\/fr\/wp-json\/wp\/v2\/pages\/7264","targetHints":{"allow":["GET"]}}],"collection":[{"href":"https:\/\/ballades.de\/fr\/wp-json\/wp\/v2\/pages"}],"about":[{"href":"https:\/\/ballades.de\/fr\/wp-json\/wp\/v2\/types\/page"}],"author":[{"embeddable":true,"href":"https:\/\/ballades.de\/fr\/wp-json\/wp\/v2\/users\/1"}],"replies":[{"embeddable":true,"href":"https:\/\/ballades.de\/fr\/wp-json\/wp\/v2\/comments?post=7264"}],"version-history":[{"count":7,"href":"https:\/\/ballades.de\/fr\/wp-json\/wp\/v2\/pages\/7264\/revisions"}],"predecessor-version":[{"id":7271,"href":"https:\/\/ballades.de\/fr\/wp-json\/wp\/v2\/pages\/7264\/revisions\/7271"}],"wp:attachment":[{"href":"https:\/\/ballades.de\/fr\/wp-json\/wp\/v2\/media?parent=7264"}],"curies":[{"name":"wp","href":"https:\/\/api.w.org\/{rel}","templated":true}]}}